{"id":3051,"date":"2019-10-21T07:35:49","date_gmt":"2019-10-21T07:35:49","guid":{"rendered":"https:\/\/elessi.nasatheme.com\/?page_id=3051"},"modified":"2024-02-03T10:13:59","modified_gmt":"2024-02-03T08:13:59","slug":"about-us","status":"publish","type":"page","link":"https:\/\/nxtlvlete.datenpfad.ch\/de\/about-us\/","title":{"rendered":"\u00dcber uns"},"content":{"rendered":"<div  class=\"section-element margin-top-80 mobile-margin-top-50 margin-bottom-50\"><div class=\"row\"><div class=\"large-4 nasa-col columns\"><div class=\"nasa-title clearfix hr-type-none\"><h3 class=\"nasa-heading-title\"><span class=\"nasa-title-wrap\"><span style=\"background: #ffffff;\">Unser Ziel<\/span><\/span><\/h3><\/div><div class=\"wpb_text_column wpb_content_element\" ><p>Unsere Mission bei NXTLVLETE ist einfach: Wir wollen die n\u00e4chste Stufe der Bekleidung liefern. Alles auf dieser Welt entwickelt sich weiter, warum also nicht auch das Alltagsshirt? Wir sind hier, um die neuesten Innovationen f\u00fcr Trainings- und Reiseshirts zu pr\u00e4sentieren, damit du dir nie wieder Sorgen \u00fcber <a href=\"https:\/\/www.merriam-webster.com\/dictionary\/body%20odor\" target=\"_blank\" rel=\"noopener\">K\u00f6rpergeruch<\/a> bei harten Trainingseinheiten oder im einw\u00f6chigen Urlaub machen musst. Bei NXTLVLETE sind unsere speziellen Stoffe mit Nanonite Silver infundiert \u2013 eine zum Patent angemeldete Technologie, die sicherstellt, dass sich keine Bakterien auf deinen Shirts festsetzen, wenn du schwitzt. Trainiere h\u00e4rter und l\u00e4nger und mache dir keine Gedanken mehr \u00fcber K\u00f6rpergeruch. Mit unseren Shirts kannst du die ganze Woche \u00fcber schwitzen und musst sie nie waschen, sie <strong>BLEIBEN IMMER FRISCH.<\/strong><\/p>\n<p>Bei NXTLVLETE glauben wir an perfekte Leistung, \u00c4sthetik und revolution\u00e4re Innovation. Deshalb ist jedes Shirt darauf ausgelegt, deine sportliche Leistung zu steigern, intensive Workouts zu \u00fcberstehen und gleichzeitig daf\u00fcr zu sorgen, dass du immer bereit bist f\u00fcr das n\u00e4chste Date.<\/p>\n<p>Der Markenname NXTLVLETE steht f\u00fcr <strong>NEXT LEVEL ATHLETE.<\/strong> Bist du bereit f\u00fcr das Next-Level-Shirt?<\/p>\n<\/div><\/div><div class=\"large-8 mobile-margin-top-50 nasa-col columns\"><div class=\"banner nasa-banner nasa-not-responsive\" data-wow-delay=\"0ms\" style=\"height: 355px;\"><div class=\"banner-image nasa-banner-image ns-banner-bg\" style=\"background-image: url(https:\/\/nxtlvlete.datenpfad.ch\/wp-content\/uploads\/2023\/07\/about-us_750x355px.webp);background-position: center center;\" data-height=\"355\" data-width=\"750\"><\/div><\/div><\/div><\/div><\/div>","protected":false},"excerpt":{"rendered":"Our MissionOur mission at NXTLVLETE is simple: to deliver the next level of apparel. Everything in this world evolves, so why hasn\u2019t the everyday shirt? We\u2019re here to bring in the newest innovations of workout and travel shirts so that you never have to worry about body odor during tough workouts, or on weeklong vacations. [...]","protected":false},"author":1,"featured_media":0,"parent":0,"menu_order":0,"comment_status":"closed","ping_status":"closed","template":"page-visual-composer.php","meta":{"footnotes":""},"class_list":["post-3051","page","type-page","status-publish","hentry"],"_links":{"self":[{"href":"https:\/\/nxtlvlete.datenpfad.ch\/de\/wp-json\/wp\/v2\/pages\/3051","targetHints":{"allow":["GET"]}}],"collection":[{"href":"https:\/\/nxtlvlete.datenpfad.ch\/de\/wp-json\/wp\/v2\/pages"}],"about":[{"href":"https:\/\/nxtlvlete.datenpfad.ch\/de\/wp-json\/wp\/v2\/types\/page"}],"author":[{"embeddable":true,"href":"https:\/\/nxtlvlete.datenpfad.ch\/de\/wp-json\/wp\/v2\/users\/1"}],"replies":[{"embeddable":true,"href":"https:\/\/nxtlvlete.datenpfad.ch\/de\/wp-json\/wp\/v2\/comments?post=3051"}],"version-history":[{"count":7,"href":"https:\/\/nxtlvlete.datenpfad.ch\/de\/wp-json\/wp\/v2\/pages\/3051\/revisions"}],"predecessor-version":[{"id":5560,"href":"https:\/\/nxtlvlete.datenpfad.ch\/de\/wp-json\/wp\/v2\/pages\/3051\/revisions\/5560"}],"wp:attachment":[{"href":"https:\/\/nxtlvlete.datenpfad.ch\/de\/wp-json\/wp\/v2\/media?parent=3051"}],"curies":[{"name":"wp","href":"https:\/\/api.w.org\/{rel}","templated":true}]}}