{"id":3854,"date":"2021-07-08T17:46:26","date_gmt":"2021-07-08T15:46:26","guid":{"rendered":"https:\/\/www.nxtlvlete.com\/?page_id=3854"},"modified":"2024-04-07T17:32:53","modified_gmt":"2024-04-07T15:32:53","slug":"faq","status":"publish","type":"page","link":"https:\/\/nxtlvlete.datenpfad.ch\/de\/faq\/","title":{"rendered":"FAQ"},"content":{"rendered":"<div  class=\"section-element margin-top-50 margin-bottom-50\"><div class=\"row\"><div class=\"large-12 nasa-col columns\"><div class=\"wpb_text_column wpb_content_element  margin-bottom-50\" ><p>Alle wichtigen Fragen und die dazugeh\u00f6rigen Antworten haben wir in unseren FAQs zusammengestellt. Deine Frage konnte nicht beantwortet werden? Kein Problem, sende sie uns \u00fcber das <a href=\"https:\/\/nxtlvlete.datenpfad.ch\/de\/contact-us\/\" target=\"_blank\" rel=\"noopener\">Kontaktformular<\/a> und wir werden sie gerne beantworten.<\/p>\n<\/div><div  class=\"vc_do_toggle vc_toggle vc_toggle_simple vc_toggle_color_default  vc_toggle_size_sm\"><div class=\"vc_toggle_title\"><h4>Wie funktioniert es? Riechen die Shirts nicht, auch wenn ich darin trainiere und schwitze?<\/h4><i class=\"vc_toggle_icon\"><\/i><\/div><div class=\"vc_toggle_content\"><p>\nAlle unsere Kleidungsst\u00fccke sind mit dem patentierten Nanonite Silver ausgestattet. Nanonite Silver ist zu 99.9% antibakteriell. Das bedeutet, dass sich beim Schwitzen keine Bakterien bilden k\u00f6nnen.<\/p>\n<p>Schweiss riecht nicht wirklich, es sind die Bakterien, die sich entwickeln, wenn du f\u00fcrs Training Kleidung aus billigen Stoffen tr\u00e4gst. Deshalb riechen deine Shirts manchmal mehr als andere, wenn du schwitzt. Es sind die billigen Stoffe, die das Bakterienwachstum f\u00f6rdern, und die Bakterien sind es, die riechen.<\/p>\n<p>Unsere Shirts t\u00f6ten Bakterien ab, bevor sie sich bilden k\u00f6nnen. So kannst du tagelang und wochenlang schwitzen, ohne dich um das Waschen k\u00fcmmern zu m\u00fcssen.<\/p>\n<\/div><\/div><div  class=\"vc_do_toggle vc_toggle vc_toggle_simple vc_toggle_color_default  vc_toggle_size_sm\"><div class=\"vc_toggle_title\"><h4>Wie lange soll ich mit dem Waschen warten?<\/h4><i class=\"vc_toggle_icon\"><\/i><\/div><div class=\"vc_toggle_content\"><p>\nDie Shirts bleiben lange Zeit bakterien- und geruchsfrei. Du kannst es waschen, wenn du versehentlich Flecken darauf bekommst, aber ansonsten kannst du es so oft oder so selten waschen, wie du willst. Viele unserer Athleten trainieren bis zu zwei Wochen t\u00e4glich in den Shirts, ohne sie zu waschen.<\/p>\n<\/div><\/div><div  class=\"vc_do_toggle vc_toggle vc_toggle_simple vc_toggle_color_default  vc_toggle_size_sm\"><div class=\"vc_toggle_title\"><h4>Wie funktioniert Nanonite Silver?<\/h4><i class=\"vc_toggle_icon\"><\/i><\/div><div class=\"vc_toggle_content\"><p>\nNanonite Silver ist eine propriet\u00e4re Mischung aus Millionen mikroskopisch kleiner Nanosilbermolek\u00fcle. Silber ist einer der st\u00e4rksten antimikrobiellen Wirkstoffe der Welt.<\/p>\n<p>Schweiss riecht nicht, erst wenn er von billigen Stoffen aufgesaugt wird, k\u00f6nnen sich Bakterien festsetzen und vermehren \u2013 die Bakterien riechen, nicht der Schweiss selbst.<\/p>\n<p>Die Millionen von Nanosilberpartikeln, die in die Stoffe eingearbeitet sind, verhindern und t\u00f6ten die Bakterien, bevor sie sich festsetzen oder wachsen k\u00f6nnen.<\/p>\n<\/div><\/div><div  class=\"vc_do_toggle vc_toggle vc_toggle_simple vc_toggle_color_default  vc_toggle_size_sm\"><div class=\"vc_toggle_title\"><h4>Wie lautet die richtige Pflegeanleitung?<\/h4><i class=\"vc_toggle_icon\"><\/i><\/div><div class=\"vc_toggle_content\"><ul>\n<li>Verwende keinen Weichsp\u00fcler<\/li>\n<li>Verwende ein Feinwaschmittel und kein Bleichmittel<\/li>\n<li>Mit kaltem Wasser waschen<\/li>\n<li>Aufh\u00e4ngen oder bei niedriger Temperatur trocknen<\/li>\n<\/ul>\n<p>Dies gew\u00e4hrleistet die optimale Nutzung der Nanonite Silver-Technologie.<\/p>\n<\/div><\/div><div  class=\"vc_do_toggle vc_toggle vc_toggle_simple vc_toggle_color_default  vc_toggle_size_sm\"><div class=\"vc_toggle_title\"><h4>Ist Nanonite Silver sicher?<\/h4><i class=\"vc_toggle_icon\"><\/i><\/div><div class=\"vc_toggle_content\"><p>\nJa, die Nanonite Silver-Technologie ist sicher. Menschen tragen und verwenden Silber seit Jahrhunderten. Auch in vielen Kulturen ist Silber seit Jahrzehnten ein fester Bestandteil. Viele Kulturen erkennen die Vorteile von Nanosilber.<\/p>\n<p>Nanonite Silver ist ein propriet\u00e4res Nanosilber. Es wurde speziell entwickelt, um besser als herk\u00f6mmliches Nanosilber zu sein.<\/p>\n<\/div><\/div><div  class=\"vc_do_toggle vc_toggle vc_toggle_simple vc_toggle_color_default  vc_toggle_size_sm\"><div class=\"vc_toggle_title\"><h4>Wie lange h\u00e4lt die Nanonite Silver-Technologie?<\/h4><i class=\"vc_toggle_icon\"><\/i><\/div><div class=\"vc_toggle_content\"><p>\nLeider h\u00e4lt nichts ewig, auch Silbergewebe verlieren mit der Zeit ihre Eigenschaften. Unsere spezielle Nanonite Silver geruchshemmende Technologie hat eine Halbwertszeit von ca. 40 W\u00e4schen. Wenn du unsere Pflegehinweise beachtest, h\u00e4lt sie sogar noch l\u00e4nger.<\/p>\n<p>Aber keine Sorge, dein Shirt wird sich nach dieser Zeit nicht selbst zerst\u00f6ren, es bleibt ein sch\u00f6nes, normales Sportshirt mit 7 weiteren Vorteilen.<\/p>\n<\/div><\/div><div  class=\"vc_do_toggle vc_toggle vc_toggle_simple vc_toggle_color_default  vc_toggle_size_sm\"><div class=\"vc_toggle_title\"><h4>Warum werden sie als Reiseshirts bezeichnet?<\/h4><i class=\"vc_toggle_icon\"><\/i><\/div><div class=\"vc_toggle_content\"><p>\nUnsere Bekleidung ist der perfekte Begleiter auf allen Reisen. Jeder hasst es, im Urlaub jeden Tag ein neues Shirt tragen zu m\u00fcssen, und dass sich die W\u00e4sche w\u00e4hrend der Reise stapelt. Unsere Shirts kannst du 7 \u2013 14 Tage lang jeden Tag tragen, ohne dir Sorgen machen zu m\u00fcssen, dass es riecht. Es bleibt buchst\u00e4blich den ganzen Urlaub lang sauber. Pack weniger ein, mach dir weniger Sorgen ums Waschen und geniesse deine Reise.<\/p>\n<\/div><\/div><div  class=\"vc_do_toggle vc_toggle vc_toggle_simple vc_toggle_color_default  vc_toggle_size_sm\"><div class=\"vc_toggle_title\"><h4>Liefert ihr international?<\/h4><i class=\"vc_toggle_icon\"><\/i><\/div><div class=\"vc_toggle_content\"><p>\nJa, das tun wir. Wir <a href=\"https:\/\/nxtlvlete.datenpfad.ch\/de\/shipping-policy\/\" target=\"_blank\" rel=\"noopener\">versenden international<\/a> in viele L\u00e4nder der Welt, mit Ausnahme einiger weniger L\u00e4nder.<\/p>\n<\/div><\/div><div  class=\"vc_do_toggle vc_toggle vc_toggle_simple vc_toggle_color_default  vc_toggle_size_sm\"><div class=\"vc_toggle_title\"><h4>Welches R\u00fcckgaberecht habe ich?<\/h4><i class=\"vc_toggle_icon\"><\/i><\/div><div class=\"vc_toggle_content\"><p>\nWenn dir unsere Kleidung nicht gef\u00e4llt, kannst du sie an uns zur\u00fcckschicken, und wir erstatten dir den Kaufpreis abz\u00fcglich der Versandkosten. Die R\u00fccksendekosten gehen zu deinen Lasten. Unsere R\u00fcckgabebedingungen findest du <a href=\"https:\/\/nxtlvlete.datenpfad.ch\/de\/refund-policy\/\" target=\"_blank\" rel=\"noopener\">hier<\/a>.<\/p>\n<\/div><\/div><\/div><\/div><\/div>","protected":false},"excerpt":{"rendered":"We have compiled all the important questions and corresponding answers in our FAQs. Your question couldn\u2019t be answered? No problem, send it to us via our contact form and we will be happy to answer it. How does it work? Do your shirts actually not smell even after you workout and sweat in it?All our [...]","protected":false},"author":1,"featured_media":0,"parent":0,"menu_order":0,"comment_status":"closed","ping_status":"closed","template":"","meta":{"footnotes":""},"class_list":["post-3854","page","type-page","status-publish","hentry"],"_links":{"self":[{"href":"https:\/\/nxtlvlete.datenpfad.ch\/de\/wp-json\/wp\/v2\/pages\/3854","targetHints":{"allow":["GET"]}}],"collection":[{"href":"https:\/\/nxtlvlete.datenpfad.ch\/de\/wp-json\/wp\/v2\/pages"}],"about":[{"href":"https:\/\/nxtlvlete.datenpfad.ch\/de\/wp-json\/wp\/v2\/types\/page"}],"author":[{"embeddable":true,"href":"https:\/\/nxtlvlete.datenpfad.ch\/de\/wp-json\/wp\/v2\/users\/1"}],"replies":[{"embeddable":true,"href":"https:\/\/nxtlvlete.datenpfad.ch\/de\/wp-json\/wp\/v2\/comments?post=3854"}],"version-history":[{"count":7,"href":"https:\/\/nxtlvlete.datenpfad.ch\/de\/wp-json\/wp\/v2\/pages\/3854\/revisions"}],"predecessor-version":[{"id":6137,"href":"https:\/\/nxtlvlete.datenpfad.ch\/de\/wp-json\/wp\/v2\/pages\/3854\/revisions\/6137"}],"wp:attachment":[{"href":"https:\/\/nxtlvlete.datenpfad.ch\/de\/wp-json\/wp\/v2\/media?parent=3854"}],"curies":[{"name":"wp","href":"https:\/\/api.w.org\/{rel}","templated":true}]}}