{"id":4274,"date":"2022-01-12T14:06:00","date_gmt":"2022-01-12T12:06:00","guid":{"rendered":"https:\/\/www.nxtlvlete.com\/?page_id=4274"},"modified":"2025-02-12T20:39:01","modified_gmt":"2025-02-12T18:39:01","slug":"shipping-policy","status":"publish","type":"page","link":"https:\/\/nxtlvlete.datenpfad.ch\/de\/shipping-policy\/","title":{"rendered":"Versand"},"content":{"rendered":"<div  class=\"section-element margin-top-50 margin-bottom-50\"><div class=\"row\"><div class=\"large-12 nasa-col columns\"><div class=\"wpb_text_column wpb_content_element\" ><h4>Allgemeine Informationen<\/h4>\n<ul>\n<li>Bestellungen werden nach der Autorisierung der Kreditkarte (welche bis zu 24 Stunden dauern kann) innerhalb von 24 bis 48 Stunden bearbeitet und versandt. Ausgenommen ist der Artikel FITmas Box. Die Produktion der FITmas Box dauert 10 Tage.<\/li>\n<li>Bestellungen, die am Wochenende oder an Feiertagen eingehen, werden am darauffolgenden Werktag bearbeitet.<\/li>\n<li>Arbeitstage sind Montag bis Freitag, ausgenommen nationale und staatliche Feiertage.<\/li>\n<li>Sobald deine Bestellung versandt wurde, bekommst du eine E-Mail zur Sendungsverfolgung. Die Sendungsverfolgung ist nicht m\u00f6glich f\u00fcr reduzierte Artikel und einige wenige L\u00e4nder.<\/li>\n<li>Wir verwenden die Schweizerische Post AG und ihre Partnerfirmen als Versandunternehmen.<\/li>\n<li>Die Zustellung erfolgt nie an Sonn- und Feiertagen.<\/li>\n<li>Die Einfuhr-\/Zollbestimmungen des Bestimmungslandes unterliegen der Informationspflicht des Kunden. Eventuell anfallende Einfuhr-\/Zollgeb\u00fchren gehen zu Lasten des Kunden.<\/li>\n<li>NXTLVLETE haftet nicht f\u00fcr witterungsbedingte Versandverz\u00f6gerungen.<\/li>\n<\/ul>\n<h4>Versandkosten<\/h4>\n<ul>\n<li>Ab einem Bestellwert von CHF 80.00 ist der Versand kostenlos.<\/li>\n<li>Liegt der Bestellwert unter CHF 80.00, werden folgende Versandkosten verrechnet:\n<ul>\n<li>Schweiz: CHF 6.90<\/li>\n<li>Europa: CHF 8.90<\/li>\n<li>Andere Zielorte: CHF 10.90<\/li>\n<\/ul>\n<\/li>\n<\/ul>\n<h4>Lieferfristen<\/h4>\n<ul>\n<li>Schweiz: 2 \u2013 3 Arbeitstage<\/li>\n<li>Westeuropa: 3 \u2013 5 Arbeitstage<\/li>\n<li>Osteuropa: 4 \u2013 5 Arbeitstage<\/li>\n<li>Nordamerika: 6 \u2013 8 Arbeitstage<\/li>\n<li>S\u00fcdamerika: 12 \u2013 20 Arbeitstage<\/li>\n<li>Nordafrika: 7 \u2013 12 Arbeitstage<\/li>\n<li>S\u00fcdafrika: 9 \u2013 12 Arbeitstage<\/li>\n<li>Australien und Neuseeland: 8 \u2013 10 Arbeitstage<\/li>\n<li>Asien: 8 \u2013 14 Arbeitstage<\/li>\n<\/ul>\n<p>Ist dein Land oder deine Region nicht aufgef\u00fchrt? Bitte <a href=\"https:\/\/nxtlvlete.datenpfad.ch\/de\/contact-us\/\" target=\"_blank\" rel=\"noopener\">kontaktiere uns<\/a> f\u00fcr detaillierte Lieferzeiten. Alle oben genannten Lieferzeiten basieren auf der durchschnittlichen Transportzeit. Aufgrund branchenweiter Verz\u00f6gerungen kann es l\u00e4nger dauern, bis deine Bestellung eintrifft.<\/p>\n<p><a href=\"https:\/\/nxtlvlete.datenpfad.ch\/de\/ts-shipment-tracking\/\" target=\"_blank\" rel=\"noopener\"><strong>Verfolge deine Bestellung hier.<\/strong><\/a><\/p>\n<\/div><\/div><\/div><\/div>","protected":false},"excerpt":{"rendered":"General information Orders will take 24 to 48 hours to be processed after authorization of credit card (which can take up to 24 hours) and then shipped. Excluded is the article FITmas Box. The production of the FITmas Box takes 10 days. Orders placed over a weekend or holidays will not begin processing until the [...]","protected":false},"author":1,"featured_media":0,"parent":0,"menu_order":0,"comment_status":"closed","ping_status":"closed","template":"","meta":{"footnotes":""},"class_list":["post-4274","page","type-page","status-publish","hentry"],"_links":{"self":[{"href":"https:\/\/nxtlvlete.datenpfad.ch\/de\/wp-json\/wp\/v2\/pages\/4274","targetHints":{"allow":["GET"]}}],"collection":[{"href":"https:\/\/nxtlvlete.datenpfad.ch\/de\/wp-json\/wp\/v2\/pages"}],"about":[{"href":"https:\/\/nxtlvlete.datenpfad.ch\/de\/wp-json\/wp\/v2\/types\/page"}],"author":[{"embeddable":true,"href":"https:\/\/nxtlvlete.datenpfad.ch\/de\/wp-json\/wp\/v2\/users\/1"}],"replies":[{"embeddable":true,"href":"https:\/\/nxtlvlete.datenpfad.ch\/de\/wp-json\/wp\/v2\/comments?post=4274"}],"version-history":[{"count":14,"href":"https:\/\/nxtlvlete.datenpfad.ch\/de\/wp-json\/wp\/v2\/pages\/4274\/revisions"}],"predecessor-version":[{"id":6398,"href":"https:\/\/nxtlvlete.datenpfad.ch\/de\/wp-json\/wp\/v2\/pages\/4274\/revisions\/6398"}],"wp:attachment":[{"href":"https:\/\/nxtlvlete.datenpfad.ch\/de\/wp-json\/wp\/v2\/media?parent=4274"}],"curies":[{"name":"wp","href":"https:\/\/api.w.org\/{rel}","templated":true}]}}