{"id":4877,"date":"2023-02-12T15:34:12","date_gmt":"2023-02-12T13:34:12","guid":{"rendered":"https:\/\/www.nxtlvlete.com\/?page_id=4877"},"modified":"2024-02-03T10:16:55","modified_gmt":"2024-02-03T08:16:55","slug":"affiliate-program","status":"publish","type":"page","link":"https:\/\/nxtlvlete.datenpfad.ch\/de\/affiliate-program\/","title":{"rendered":"Partner-Programm"},"content":{"rendered":"<div class=\"section-element desktop-margin-top-60 mobile-margin-top-40\"><div class=\"row\"><div class=\"large-6 nasa-col columns\"><img loading=\"lazy\" decoding=\"async\" class=\"nasa-image affiliate-icon\" src=\"https:\/\/nxtlvlete.datenpfad.ch\/wp-content\/uploads\/2023\/01\/affiliate_25-commission_256x256px.png\" alt=\"Commission\" width=\"256\" height=\"256\" \/><div class=\"nasa-dft nasa-title clearfix hr-type-none margin-top-20\"><h4 class=\"nasa-heading-title\">20% Provision<\/h4><\/div><div class=\"wpb_text_column wpb_content_element\" ><p>Verdiene 20% Provision f\u00fcr jeden Online-Kauf mit g\u00fcltiger Zahlungsabwicklung. <a href=\"https:\/\/nxtlvlete.datenpfad.ch\/de\/affiliate-home\/affiliate-register\/\" target=\"_blank\" rel=\"noopener\">Jetzt anmelden<\/a><\/p>\n<\/div><img loading=\"lazy\" decoding=\"async\" class=\"nasa-image affiliate-icon margin-top-60\" src=\"https:\/\/nxtlvlete.datenpfad.ch\/wp-content\/uploads\/2023\/01\/affiliate_real-time-tracking_256x256px.png\" alt=\"Tracking\" width=\"256\" height=\"256\" \/><div class=\"nasa-dft nasa-title clearfix hr-type-none margin-top-20\"><h4 class=\"nasa-heading-title\">Echtzeit-Tracking<\/h4><\/div><div class=\"wpb_text_column wpb_content_element  mobile-margin-bottom-60\" ><p>Verfolge deinen gesamten Datenverkehr \u00fcber ein personalisiertes Dashboard. <a href=\"https:\/\/nxtlvlete.datenpfad.ch\/de\/affiliate-home\/affiliate-register\/\" target=\"_blank\" rel=\"noopener\">Jetzt anmelden<\/a><\/p>\n<\/div><\/div><div class=\"large-6 nasa-col columns\"><img loading=\"lazy\" decoding=\"async\" class=\"nasa-image affiliate-icon\" src=\"https:\/\/nxtlvlete.datenpfad.ch\/wp-content\/uploads\/2023\/01\/affiliate_30-days-cookie_256x256px.png\" alt=\"Cookie\" width=\"256\" height=\"256\" \/><div class=\"nasa-dft nasa-title clearfix hr-type-none margin-top-20\"><h4 class=\"nasa-heading-title\">30 Tage Cookie<\/h4><\/div><div class=\"wpb_text_column wpb_content_element\" ><p>Dank der langen Cookie-Lebensdauer k\u00f6nnen deine Follower auch sp\u00e4ter kaufen. <a href=\"https:\/\/nxtlvlete.datenpfad.ch\/de\/affiliate-home\/affiliate-register\/\" target=\"_blank\" rel=\"noopener\">Jetzt anmelden<\/a><\/p>\n<\/div><img loading=\"lazy\" decoding=\"async\" class=\"nasa-image affiliate-icon margin-top-60\" src=\"https:\/\/nxtlvlete.datenpfad.ch\/wp-content\/uploads\/2023\/01\/affiliate_monthly-payout_256x256px.png\" alt=\"Affiliate payout\" width=\"256\" height=\"256\" \/><div class=\"nasa-dft nasa-title clearfix hr-type-none margin-top-20\"><h4 class=\"nasa-heading-title\">Monatliche Auszahlung<\/h4><\/div><div class=\"wpb_text_column wpb_content_element\" ><p>Lasse dich jeden Monat f\u00fcr deine Verk\u00e4ufe bezahlen, auch m\u00f6glich via <a href=\"https:\/\/www.paypal.com\/\" target=\"_blank\" rel=\"noopener\">PayPal<\/a>. <a href=\"https:\/\/nxtlvlete.datenpfad.ch\/de\/affiliate-home\/affiliate-register\/\" target=\"_blank\" rel=\"noopener\">Jetzt anmelden<\/a><\/p>\n<\/div><\/div><\/div><\/div><div  class=\"section-element margin-top-50 margin-bottom-50\"><div class=\"row\"><div class=\"large-12 nasa-col columns\"><div class=\"nasa-dft nasa-title clearfix hr-type-none\"><h4 class=\"nasa-heading-title\">Wie helfen wir dir?<\/h4><\/div><div class=\"wpb_text_column wpb_content_element\" ><p>Wir stellen aktualisierte Links, Fotos und Banner f\u00fcr angeschlossene Partner zur Verf\u00fcgung.<\/p>\n<p>Jeder Partner erh\u00e4lt eine eindeutige URL zum NXTLVLETE-Shop, die du einfach an deine Freunde, Familie und Follower weitergeben kannst. Diese eindeutige URL wird alle Verk\u00e4ufe in deinem Namen verfolgen.<\/p>\n<\/div><\/div><\/div><\/div><div  class=\"section-element margin-top-50 margin-bottom-50\"><div class=\"row\"><div class=\"large-12 nasa-col columns\"><div class=\"nasa-dft nasa-title clearfix hr-type-none\"><h4 class=\"nasa-heading-title\">Der Einstieg ist einfach und kostenlos \u2013 jetzt online anmelden<\/h4><\/div><div class=\"wpb_text_column wpb_content_element\" ><p>Wenn du akzeptiert wirst, f\u00fcge unseren Link auf deiner Website ein, teile ihn in einem Beitrag in den sozialen Medien oder in deinem Blog \u2013 was immer du m\u00f6chtest. F\u00fcr jeden ausgelieferten Verkauf bekommst du eine Provision. Wenn du Fragen zur Teilnahme an unserem Partnerprogramm hast, sende uns bitte eine E-Mail an <a href=\"mailto:hallo@nxtlvlete.com\">hallo@nxtlvlete.com<\/a>.<\/p>\n<\/div><\/div><\/div><\/div><div  class=\"section-element margin-bottom-50\"><div class=\"row\"><div class=\"large-12 nasa-col columns\"><div class=\"nasa-dft nasa-title clearfix hr-type-none\"><h4 class=\"nasa-heading-title\">Regeln<\/h4><\/div><div class=\"wpb_text_column wpb_content_element\" ><p>Obwohl wir alle Websites und Social Media-Enthusiasten ermutigen, sich zu bewerben, werden wir deine Bewerbung nicht genehmigen, wenn dein Kanal anst\u00f6ssiges Material oder deine Anmeldung unwahre Angaben enth\u00e4lt.<\/p>\n<\/div><\/div><\/div><\/div>","protected":false},"excerpt":{"rendered":"20% commissionEarn 20% commission for every online purchase with processed valid payment. Apply now Real-time trackingTrack all your traffic through a personalized dashboard. Apply now 30 days cookieThanks to the long cookie lifetime, your followers can also buy later. Apply now Monthly payoutGet paid for your sales every month, also possible via PayPal. Apply now [...]","protected":false},"author":1,"featured_media":0,"parent":0,"menu_order":0,"comment_status":"closed","ping_status":"closed","template":"","meta":{"footnotes":""},"class_list":["post-4877","page","type-page","status-publish","hentry"],"_links":{"self":[{"href":"https:\/\/nxtlvlete.datenpfad.ch\/de\/wp-json\/wp\/v2\/pages\/4877","targetHints":{"allow":["GET"]}}],"collection":[{"href":"https:\/\/nxtlvlete.datenpfad.ch\/de\/wp-json\/wp\/v2\/pages"}],"about":[{"href":"https:\/\/nxtlvlete.datenpfad.ch\/de\/wp-json\/wp\/v2\/types\/page"}],"author":[{"embeddable":true,"href":"https:\/\/nxtlvlete.datenpfad.ch\/de\/wp-json\/wp\/v2\/users\/1"}],"replies":[{"embeddable":true,"href":"https:\/\/nxtlvlete.datenpfad.ch\/de\/wp-json\/wp\/v2\/comments?post=4877"}],"version-history":[{"count":14,"href":"https:\/\/nxtlvlete.datenpfad.ch\/de\/wp-json\/wp\/v2\/pages\/4877\/revisions"}],"predecessor-version":[{"id":6045,"href":"https:\/\/nxtlvlete.datenpfad.ch\/de\/wp-json\/wp\/v2\/pages\/4877\/revisions\/6045"}],"wp:attachment":[{"href":"https:\/\/nxtlvlete.datenpfad.ch\/de\/wp-json\/wp\/v2\/media?parent=4877"}],"curies":[{"name":"wp","href":"https:\/\/api.w.org\/{rel}","templated":true}]}}