{"id":5733,"date":"2023-09-16T07:44:07","date_gmt":"2023-09-16T05:44:07","guid":{"rendered":"https:\/\/www.nxtlvlete.com\/?page_id=5733"},"modified":"2024-10-12T15:56:49","modified_gmt":"2024-10-12T13:56:49","slug":"fitness-resources","status":"publish","type":"page","link":"https:\/\/nxtlvlete.datenpfad.ch\/de\/fitness-resources\/","title":{"rendered":"Fitness Resources"},"content":{"rendered":"<div class=\"section-element desktop-margin-top-60 mobile-margin-top-40\"><div class=\"row\"><div class=\"large-12 nasa-col columns\"><div class=\"wpb_text_column wpb_content_element\" ><p>Wir bieten eine Reihe kostenloser Fitness-Ressourcen f\u00fcr Ihr Fitnessprogramm, darunter Kalorienrechner, Handb\u00fccher und Artikel in unserem <a href=\"https:\/\/nxtlvlete.datenpfad.ch\/de\/blog\/\" target=\"_blank\" rel=\"noopener\">Blog<\/a>.<\/p>\n<\/div><\/div><\/div><\/div><div  class=\"section-element margin-top-50 margin-bottom-50\"><div class=\"row\"><div class=\"large-4 nasa-col columns\"><a class=\"nasa-link-image\" href=\"https:\/\/dtavis.shinyapps.io\/food\/\" target=\"_blank\" title=\"FoodExplorer\" rel=\"noopener\"><img loading=\"lazy\" decoding=\"async\" class=\"nasa-image\" src=\"https:\/\/nxtlvlete.datenpfad.ch\/wp-content\/uploads\/2024\/10\/resources-06a_800x533px.jpg\" alt=\"FoodExplorer\" width=\"800\" height=\"533\" \/><\/a><div class=\"nasa-dft nasa-title clearfix hr-type-none margin-top-20\"><h4 class=\"nasa-heading-title\">FoodExplorer<\/h4><\/div><div class=\"wpb_text_column wpb_content_element  mobile-margin-bottom-60\" ><p><a href=\"https:\/\/dtavis.shinyapps.io\/food\/\" target=\"_blank\" rel=\"noopener\">Entdecke<\/a> die N\u00e4hrwerte von mehr als 1000 Lebensmitteln und erstelle einen pers\u00f6nlichen Ern\u00e4hrungsplan.<\/p>\n<\/div><a class=\"nasa-link-image\" href=\"https:\/\/nxtlvlete.datenpfad.ch\/download\/exercises-for-weight-loss.pdf\" target=\"_blank\" title=\"Die 8 besten Sportarten zum Abnehmen\"><img loading=\"lazy\" decoding=\"async\" class=\"nasa-image margin-top-60\" src=\"https:\/\/nxtlvlete.datenpfad.ch\/wp-content\/uploads\/2023\/09\/resources-03_800x533px.webp\" alt=\"The 8 best exercises for weight loss\" width=\"800\" height=\"533\" \/><\/a><div class=\"nasa-dft nasa-title clearfix hr-type-none margin-top-20\"><h4 class=\"nasa-heading-title\">Die 8 besten Sportarten zum Abnehmen<\/h4><\/div><div class=\"wpb_text_column wpb_content_element\" ><p><a href=\"https:\/\/nxtlvlete.datenpfad.ch\/download\/exercises-for-weight-loss.pdf\" target=\"_blank\" rel=\"noopener\">Herunterladen<\/a> der 8 besten Sportarten zum Abnehmen (in Englisch).<\/p>\n<\/div><\/div><div class=\"large-4 nasa-col columns\"><a class=\"nasa-link-image\" href=\"https:\/\/nxtlvlete.datenpfad.ch\/download\/calorie-calculator-men.xlsx\" target=\"_blank\" title=\"Kalorienrechner f\u00fcr Herren\"><img loading=\"lazy\" decoding=\"async\" class=\"nasa-image\" src=\"https:\/\/nxtlvlete.datenpfad.ch\/wp-content\/uploads\/2023\/09\/resources-01_800x533px.webp\" alt=\"Calorie calculator for men\" width=\"800\" height=\"533\" \/><\/a><div class=\"nasa-dft nasa-title clearfix hr-type-none margin-top-20\"><h4 class=\"nasa-heading-title\">Kalorienrechner f\u00fcr Herren<\/h4><\/div><div class=\"wpb_text_column wpb_content_element\" ><p><a href=\"https:\/\/nxtlvlete.datenpfad.ch\/download\/calorie-calculator-men.xlsx\" target=\"_blank\" rel=\"noopener\">Herunterladen<\/a> deines pers\u00f6nlichen NXTLVLETE-Kalorienrechners f\u00fcr Herren (in Englisch).<\/p>\n<\/div><a class=\"nasa-link-image\" href=\"https:\/\/nxtlvlete.datenpfad.ch\/download\/rules-for-fitness-program.pdf\" target=\"_blank\" title=\"7 Regeln f\u00fcr dein Fitnessprogramm\"><img loading=\"lazy\" decoding=\"async\" class=\"nasa-image margin-top-60\" src=\"https:\/\/nxtlvlete.datenpfad.ch\/wp-content\/uploads\/2023\/09\/resources-04_800x533px.webp\" alt=\"7 rules for your fitness program\" width=\"800\" height=\"533\" \/><\/a><div class=\"nasa-dft nasa-title clearfix hr-type-none margin-top-20\"><h4 class=\"nasa-heading-title\">7 Regeln f\u00fcr dein Fitnessprogramm<\/h4><\/div><div class=\"wpb_text_column wpb_content_element  mobile-margin-bottom-60\" ><p><a href=\"https:\/\/nxtlvlete.datenpfad.ch\/download\/rules-for-fitness-program.pdf\" target=\"_blank\" rel=\"noopener\">Herunterladen<\/a> der 7 Regeln f\u00fcr dein Fitnessprogramm (in Englisch).<\/p>\n<\/div><\/div><div class=\"large-4 nasa-col columns\"><a class=\"nasa-link-image\" href=\"https:\/\/nxtlvlete.datenpfad.ch\/download\/calorie-calculator-women.xlsx\" target=\"_blank\" title=\"Kalorienrechner f\u00fcr Frauen\"><img loading=\"lazy\" decoding=\"async\" class=\"nasa-image mobile-margin-top-60\" src=\"https:\/\/nxtlvlete.datenpfad.ch\/wp-content\/uploads\/2023\/09\/resources-02a_800x533px.webp\" alt=\"Calorie calculator for women\" width=\"800\" height=\"533\" \/><\/a><div class=\"nasa-dft nasa-title clearfix hr-type-none margin-top-20\"><h4 class=\"nasa-heading-title\">Kalorienrechner f\u00fcr Frauen<\/h4><\/div><div class=\"wpb_text_column wpb_content_element\" ><p><a href=\"https:\/\/nxtlvlete.datenpfad.ch\/download\/calorie-calculator-women.xlsx\" target=\"_blank\" rel=\"noopener\">Herunterladen<\/a> deines pers\u00f6nlichen NXTLVLETE-Kalorienrechners f\u00fcr Frauen (in Englisch).<\/p>\n<\/div><\/div><\/div><\/div>","protected":false},"excerpt":{"rendered":"We offer a range of free fitness resources for your fitness program, including calorie calculators, manuals, as well as articles on our blog. FoodExplorerDiscover the nutritional values of over 1,000 foods and create a personalized nutrition plan. The 8 best exercises for weight lossDownload the 8 best exercises for weight loss. Calorie calculator for menDownload [...]","protected":false},"author":1,"featured_media":0,"parent":0,"menu_order":0,"comment_status":"closed","ping_status":"closed","template":"","meta":{"footnotes":""},"class_list":["post-5733","page","type-page","status-publish","hentry"],"_links":{"self":[{"href":"https:\/\/nxtlvlete.datenpfad.ch\/de\/wp-json\/wp\/v2\/pages\/5733","targetHints":{"allow":["GET"]}}],"collection":[{"href":"https:\/\/nxtlvlete.datenpfad.ch\/de\/wp-json\/wp\/v2\/pages"}],"about":[{"href":"https:\/\/nxtlvlete.datenpfad.ch\/de\/wp-json\/wp\/v2\/types\/page"}],"author":[{"embeddable":true,"href":"https:\/\/nxtlvlete.datenpfad.ch\/de\/wp-json\/wp\/v2\/users\/1"}],"replies":[{"embeddable":true,"href":"https:\/\/nxtlvlete.datenpfad.ch\/de\/wp-json\/wp\/v2\/comments?post=5733"}],"version-history":[{"count":18,"href":"https:\/\/nxtlvlete.datenpfad.ch\/de\/wp-json\/wp\/v2\/pages\/5733\/revisions"}],"predecessor-version":[{"id":6249,"href":"https:\/\/nxtlvlete.datenpfad.ch\/de\/wp-json\/wp\/v2\/pages\/5733\/revisions\/6249"}],"wp:attachment":[{"href":"https:\/\/nxtlvlete.datenpfad.ch\/de\/wp-json\/wp\/v2\/media?parent=5733"}],"curies":[{"name":"wp","href":"https:\/\/api.w.org\/{rel}","templated":true}]}}