{"id":3733,"date":"2021-07-06T14:19:44","date_gmt":"2021-07-06T14:19:44","guid":{"rendered":"https:\/\/www.nxtlvlete.com\/?post_type=product&#038;p=3733"},"modified":"2025-09-21T18:39:19","modified_gmt":"2025-09-21T16:39:19","slug":"the-perfect-shirt","status":"publish","type":"product","link":"https:\/\/nxtlvlete.datenpfad.ch\/de\/produkt\/the-perfect-shirt\/","title":{"rendered":"The Perfect Shirt (Schwarz)"},"content":{"rendered":"<h2><span style=\"font-size: large;\">The Perfect Shirt in Schwarz<\/span><\/h2>\n<p>The Perfect Shirt ist das weltweit erste hochwertige Anti-Odor-Fitness- und Reise-Shirt f\u00fcr Herren. Die Materialien f\u00fchlen sich weich an und bestehen aus hochwertiger Baumwolle und Elasthan, die f\u00fcr eine perfekte Dehnbarkeit sorgen. Es ist mit fortschrittlicher <a href=\"https:\/\/www.ncbi.nlm.nih.gov\/pmc\/articles\/PMC8275915\/\" target=\"_blank\" rel=\"noopener\">geruchshemmender<\/a> Technologie ausgestattet, damit du immer gut riechst und dich gut f\u00fchlst, egal was du tust. Die Anti-Stink-Technologie bek\u00e4mpft geruchsverursachende Bakterien, so dass du dir das Waschen sparen kannst. The Perfect Shirt in Schwarz ist ausserdem aus feuchtigkeitsableitendem Material gefertigt, das dich k\u00fchl und trocken h\u00e4lt. Es hat eine bequeme, sportliche Passform, die sich deinen Bewegungen anpasst. Egal, ob du ins Fitnessstudio gehst, auf Reisen bist oder einfach nur deinen Tag verbringen willst, mit The Perfect Shirt bist du bestens ausger\u00fcstet.<\/p>\n<p>Unsere Fitnessbekleidung wurde auch f\u00fcr Reisende entwickelt \u2013 denn unsere Shirts k\u00f6nnen tagelang getragen werden und bleiben auch ohne Waschen frisch. Es ist der perfekte Begleiter f\u00fcr alle Reisen. Weniger packen, mehr erleben.<\/p>\n<h3>Warum wir unsere Produkte lieben<\/h3>\n<ul>\n<li>Die NXTLVLETE-Technologie bek\u00e4mpft permanent geruchsverursachende Bakterien, damit dein Shirt auch nach mehrmaligem Tragen wie frisch gewaschen riecht.<\/li>\n<li>Ultraweich und atmungsaktiv \u2013 Du wirst unsere Kleidung am liebsten 24\/7 tragen wollen.<\/li>\n<li>Knitterarmes Design macht es perfekt f\u00fcrs Reisen.<\/li>\n<li>Spart Wasser und Waschmittel und schont die Umwelt.<\/li>\n<\/ul>\n<h3>Material &amp; Pflege<\/h3>\n<ul>\n<li>95% Baumwolle, 5% Elasthan<\/li>\n<li>Maschinenw\u00e4sche bei 30 Grad<\/li>\n<\/ul>\n<h3>Modellangaben<\/h3>\n<ul>\n<li>Gr\u00f6sse: 180 cm<\/li>\n<li>Gewicht: 86 kg<\/li>\n<li>Shirtgr\u00f6sse: XL<\/li>\n<\/ul>\n<h3>Wichtiger Hinweis<\/h3>\n<p>Alle unsere Shirts haben eine <strong>athletisch schlanke Passform.<\/strong> Wenn du eine lockere Passform m\u00f6chtest, solltest du eine Nummer gr\u00f6sser bestellen. Zum Beispiel: Wenn du bei anderen Shirts normalerweise die Gr\u00f6sse L tr\u00e4gst, bestelle hier ein XL. Nicht sicher, welche Gr\u00f6sse die richtige f\u00fcr dich ist? Unsere Gr\u00f6ssentabelle hilft dir.<\/p>","protected":false},"excerpt":{"rendered":"<ul>\n<li>Entwickelt f\u00fcr Workout und Reisen<\/li>\n<li>Geruchsneutralisierend<\/li>\n<li>Hochwertiger Zwei-Wege-Stretch-Stoff<\/li>\n<li>Feuchtigkeitstransportierend und atmungsaktiv<\/li>\n<\/ul>\n<p><strong>Mehr Sport treiben, weniger stinken. <a href=\"https:\/\/nxtlvlete.datenpfad.ch\/de\/how-it-works\/\" target=\"_blank\" rel=\"noopener\">Weitere Informationen<\/a><\/strong><\/p>","protected":false},"featured_media":56,"comment_status":"open","ping_status":"closed","template":"","meta":[],"product_brand":[],"product_cat":[108],"product_tag":[117,110,109],"class_list":{"0":"post-3733","1":"product","2":"type-product","3":"status-publish","4":"has-post-thumbnail","6":"product_cat-shirt","7":"product_tag-antibacterial","8":"product_tag-cotton","9":"product_tag-t-shirt","10":"product_shipping_class-free-shipping","12":"first","13":"instock","14":"taxable","15":"shipping-taxable","16":"purchasable","17":"product-type-variable"},"_links":{"self":[{"href":"https:\/\/nxtlvlete.datenpfad.ch\/de\/wp-json\/wp\/v2\/product\/3733","targetHints":{"allow":["GET"]}}],"collection":[{"href":"https:\/\/nxtlvlete.datenpfad.ch\/de\/wp-json\/wp\/v2\/product"}],"about":[{"href":"https:\/\/nxtlvlete.datenpfad.ch\/de\/wp-json\/wp\/v2\/types\/product"}],"replies":[{"embeddable":true,"href":"https:\/\/nxtlvlete.datenpfad.ch\/de\/wp-json\/wp\/v2\/comments?post=3733"}],"wp:featuredmedia":[{"embeddable":true,"href":"https:\/\/nxtlvlete.datenpfad.ch\/de\/wp-json\/wp\/v2\/media\/56"}],"wp:attachment":[{"href":"https:\/\/nxtlvlete.datenpfad.ch\/de\/wp-json\/wp\/v2\/media?parent=3733"}],"wp:term":[{"taxonomy":"product_brand","embeddable":true,"href":"https:\/\/nxtlvlete.datenpfad.ch\/de\/wp-json\/wp\/v2\/product_brand?post=3733"},{"taxonomy":"product_cat","embeddable":true,"href":"https:\/\/nxtlvlete.datenpfad.ch\/de\/wp-json\/wp\/v2\/product_cat?post=3733"},{"taxonomy":"product_tag","embeddable":true,"href":"https:\/\/nxtlvlete.datenpfad.ch\/de\/wp-json\/wp\/v2\/product_tag?post=3733"}],"curies":[{"name":"wp","href":"https:\/\/api.w.org\/{rel}","templated":true}]}}