{"id":3934,"date":"2021-07-10T20:26:32","date_gmt":"2021-07-10T18:26:32","guid":{"rendered":"https:\/\/www.nxtlvlete.com\/?post_type=product&#038;p=3934"},"modified":"2025-11-07T15:03:33","modified_gmt":"2025-11-07T13:03:33","slug":"the-perfect-tank-top-nxtlvl","status":"publish","type":"product","link":"https:\/\/nxtlvlete.datenpfad.ch\/de\/produkt\/the-perfect-tank-top-nxtlvl\/","title":{"rendered":"The Perfect Tank Top (NXTLVL)"},"content":{"rendered":"<h2><span style=\"font-size: large;\">The Perfect NXTLVL Tank Top in Schwarz<\/span><\/h2>\n<p>The Perfect Tank Top (NXTLVL) ist aus einer hochwertigen Polyester- und Elasthan-Mischung gefertigt, welche sich weich anf\u00fchlt und perfekt dehnt. Alle unsere Kleidung ist mit Nanonite Silver infundiert. Diese ist <a href=\"https:\/\/www.ncbi.nlm.nih.gov\/pmc\/articles\/PMC8275915\/\" target=\"_blank\" rel=\"noopener\">antibakteriell<\/a> und geruchshemmend, so dass du so viel schwitzen kannst, wie du willst und auch bei den h\u00e4rtesten Workouts immer frisch bleibst. Einfach trocknen lassen und am n\u00e4chsten Tag im Fitnessstudio wieder tragen. Es wird immer wie ein neues Tanktop riechen. Unser Perfect Tank Top (NXTLVL) ist effektiv gegen Viren und Bakterien sowie nachhaltig in der Nutzung. Du sparst Wasser und Waschmittel und schonst die Umwelt.<\/p>\n<h3>Warum wir unsere Produkte lieben<\/h3>\n<ul>\n<li>Die NXTLVLETE-Technologie bek\u00e4mpft permanent geruchsverursachende Bakterien, damit dein Tanktop auch nach mehrmaligem Tragen wie frisch gewaschen riecht.<\/li>\n<li>Ultraweich und atmungsaktiv \u2013 Du wirst unsere Kleidung am liebsten 24\/7 tragen wollen.<\/li>\n<li>Knitterarmes Design macht es perfekt f\u00fcrs Reisen.<\/li>\n<li>Spart Wasser und Waschmittel und schont die Umwelt.<\/li>\n<\/ul>\n<h3>Material &amp; Pflege<\/h3>\n<ul>\n<li>90% Polyester, 10% Elasthan<\/li>\n<li>Maschinenw\u00e4sche bei 30 Grad<\/li>\n<\/ul>\n<h3>Modellangaben<\/h3>\n<ul>\n<li>Gr\u00f6sse: 180 cm<\/li>\n<li>Gewicht: 86 kg<\/li>\n<li>Tanktop-Gr\u00f6sse: L<\/li>\n<\/ul>\n<h3>Wichtiger Hinweis<\/h3>\n<p>Alle unsere Perfect Tank Tops haben eine <strong>athletische Passform.<\/strong> Wenn du eine lockere Passform m\u00f6chtest, solltest du eine Nummer gr\u00f6sser bestellen. Zum Beispiel: Wenn du bei anderen Shirts normalerweise die Gr\u00f6sse L tr\u00e4gst, bestelle hier ein XL. Nicht sicher, welche Gr\u00f6sse die richtige f\u00fcr dich ist? Unsere Gr\u00f6ssentabelle hilft dir.<\/p>","protected":false},"excerpt":{"rendered":"<ul>\n<li>Entwickelt f\u00fcr dein Workout<\/li>\n<li>Geruchsneutralisierend<\/li>\n<li>Hochwertiger Zwei-Wege-Stretch-Stoff<\/li>\n<li>Feuchtigkeitstransportierend und atmungsaktiv<\/li>\n<\/ul>\n<p><strong>Mehr Sport treiben, weniger stinken. <a href=\"https:\/\/nxtlvlete.datenpfad.ch\/de\/how-it-works\/\" target=\"_blank\" rel=\"noopener\">Weitere Informationen<\/a><\/strong><\/p>","protected":false},"featured_media":3931,"comment_status":"open","ping_status":"closed","template":"","meta":[],"product_brand":[],"product_cat":[114],"product_tag":[117,113,116],"class_list":{"0":"post-3934","1":"product","2":"type-product","3":"status-publish","4":"has-post-thumbnail","6":"product_cat-tank-top","7":"product_tag-antibacterial","8":"product_tag-polyester","9":"product_tag-spandex","10":"product_shipping_class-free-shipping","12":"first","13":"instock","14":"taxable","15":"shipping-taxable","16":"purchasable","17":"product-type-variable"},"_links":{"self":[{"href":"https:\/\/nxtlvlete.datenpfad.ch\/de\/wp-json\/wp\/v2\/product\/3934","targetHints":{"allow":["GET"]}}],"collection":[{"href":"https:\/\/nxtlvlete.datenpfad.ch\/de\/wp-json\/wp\/v2\/product"}],"about":[{"href":"https:\/\/nxtlvlete.datenpfad.ch\/de\/wp-json\/wp\/v2\/types\/product"}],"replies":[{"embeddable":true,"href":"https:\/\/nxtlvlete.datenpfad.ch\/de\/wp-json\/wp\/v2\/comments?post=3934"}],"wp:featuredmedia":[{"embeddable":true,"href":"https:\/\/nxtlvlete.datenpfad.ch\/de\/wp-json\/wp\/v2\/media\/3931"}],"wp:attachment":[{"href":"https:\/\/nxtlvlete.datenpfad.ch\/de\/wp-json\/wp\/v2\/media?parent=3934"}],"wp:term":[{"taxonomy":"product_brand","embeddable":true,"href":"https:\/\/nxtlvlete.datenpfad.ch\/de\/wp-json\/wp\/v2\/product_brand?post=3934"},{"taxonomy":"product_cat","embeddable":true,"href":"https:\/\/nxtlvlete.datenpfad.ch\/de\/wp-json\/wp\/v2\/product_cat?post=3934"},{"taxonomy":"product_tag","embeddable":true,"href":"https:\/\/nxtlvlete.datenpfad.ch\/de\/wp-json\/wp\/v2\/product_tag?post=3934"}],"curies":[{"name":"wp","href":"https:\/\/api.w.org\/{rel}","templated":true}]}}